{"id":14947,"date":"2026-04-02T10:59:13","date_gmt":"2026-04-02T08:59:13","guid":{"rendered":"https:\/\/haydensoulwork.com\/?post_type=product&#038;p=14947"},"modified":"2026-04-02T17:40:35","modified_gmt":"2026-04-02T15:40:35","slug":"grundkurs-arbeitsbuecher-dyfh-teil-1-2-alumni","status":"publish","type":"product","link":"https:\/\/haydensoulwork.com\/en\/product\/grundkurs-arbeitsbuecher-dyfh-teil-1-2-alumni\/","title":{"rendered":"GRUNDKURS &#8211; Arbeitsb\u00fccher (DYFH &#8211; Teil 1 &#038; 2) &#8211; ALUMNI"},"content":{"rendered":"<p><strong>Do your f** homework.<\/strong><\/p>\n<p>This is a kind and loving encouragement for you to meet the world with an open mind, to make every moment a learning experience, to release old beliefs and train new patterns of behaviour in order to return to the path back to your home within.<\/p>\n<p><strong>DYFH Challenge Teil 1<\/strong> ist der erste Teil des Grundkurses, in dem sich die neueste Wissenschaft und neurologische Zusammenh\u00e4nge mit Ritualen aus den \u00e4ltesten und unterschiedlichsten Kulturen und Traditionen vermischen, um Dir zu erlauben zum Eigent\u00fcmer Deines Lebens zu werden.<\/p>\n<p><strong>DYFH Challenge Teil 2<\/strong> ist der zweite Teil unseres Grundkurses. In ihm findest Du heraus, welche Kraft die Frequenz der Liebe und des inneren Friedens haben, um Dir zu erm\u00f6glichen, Dich und die Welt um Dich in eine neue Art des Seins zu transformieren.<\/p>\n<p><strong>THEME BLOCKS<\/strong><\/p>\n<p style=\"padding-left: 40px;\"><strong>DYFH Challenge Teil 1<\/strong><\/p>\n<div class=\"elementor-element elementor-element-310504c animated-fast elementor-widget elementor-widget-text-editor animated opal-move-up\" data-id=\"310504c\" data-element_type=\"widget\" data-settings=\"{&quot;_animation&quot;:&quot;opal-move-up&quot;}\" data-widget_type=\"text-editor.default\">\n<div class=\"elementor-widget-container\">\n<div class=\"elementor-text-editor elementor-clearfix\">\n<ul>\n<li style=\"list-style-type: none;\">\n<ul>\n<li>Bring Ordnung in Dein Leben<\/li>\n<li>Invite Your Ego<\/li>\n<li>Resource Work<\/li>\n<li>The Five Elements of Life<\/li>\n<li>Become the Owner of Your Story<\/li>\n<\/ul>\n<\/li>\n<\/ul>\n<p style=\"padding-left: 80px;\">\u00dcber folgenden Link kannst Du dir eine <strong>Vorschau zum Arbeitsbuch Teil 1<\/strong> herunterladen:<\/p>\n<p><strong><a href=\"https:\/\/haydensoulwork.com\/wp-content\/uploads\/2026\/03\/HSW-DYFH-Teil-I-Seiten-V2.00-Perview.pdf\">LINK ZUR BUCH-VORSCHAU<\/a><\/strong><\/p>\n<p style=\"padding-left: 40px;\"><strong>DYFH Challenge Teil 2<\/strong><\/p>\n<ul>\n<li style=\"list-style-type: none;\">\n<ul>\n<li>Ubuntu und Christentum<\/li>\n<li>Koshas and Butterfly Effect<\/li>\n<li>The Four Elements of True Love (Buddhism)<\/li>\n<li>Metta Deepening Weeks<\/li>\n<li>Shamanism \/ the Art of Inter\u00fceing<\/li>\n<\/ul>\n<\/li>\n<\/ul>\n<p style=\"padding-left: 80px;\">\u00dcber folgenden Link kannst Du dir eine <strong>Vorschau zum Arbeitsbuch Teil 2<\/strong> herunterladen:<\/p>\n<p><strong><a href=\"https:\/\/haydensoulwork.com\/wp-content\/uploads\/2026\/03\/HSW-DYFH-Teil-II-Seiten-V1.0-Preview.pdf\">LINK ZUR BUCH-VORSCHAU<\/a><br \/>\n<\/strong><\/p>\n<\/div>\n<\/div>\n<\/div>","protected":false},"excerpt":{"rendered":"<div class=\"elementor-element elementor-element-06a6917 elementor-widget elementor-widget-text-editor animated opal-move-up\" data-id=\"06a6917\" data-element_type=\"widget\" data-settings=\"{&quot;_animation&quot;:&quot;opal-move-up&quot;}\" data-widget_type=\"text-editor.default\">\n<div class=\"elementor-widget-container\">\n<div class=\"elementor-text-editor elementor-clearfix\">\n<p><strong>WERDE EIGENT\u00dcMER DEINES SELBST &amp; VERLIEBE DICH INS LEBEN<\/strong><\/p>\n<p>Dieser Grundkurs beinhaltet die Teilnahme an der <strong>DYFH Challenge &#8211; Teil 1 und Teil 2<\/strong>. Du kannst Ihn im freien Lernen \u00fcber zwei gro\u00dfes <strong>A4 Arbeits-Ringb\u00fccher<\/strong> durchgef\u00fchrt.<\/p>\n<p>\u00dcber in den Arbeitsb\u00fcchern eingebettete QR-Codes hast du Zugriff auf ein umfangreiches Multimedia-Material mit zahlreichen, eigens f\u00fcr den Kurs produzierten Lernvideos, Audiobeitr\u00e4gen, Meditationen und sonstiges kursbegleitendes Material z.B. in PDF-Format zum direkten Download.<strong><br \/>\n<\/strong><\/p>\n<p>\u00dcber folgenden Link kannst Du dir eine <strong>Vorschau zum Arbeitsbuch Teil 1<\/strong> herunterladen:<br \/>\n<strong><a href=\"https:\/\/haydensoulwork.com\/wp-content\/uploads\/2026\/03\/HSW-DYFH-Teil-I-Seiten-V2.00-Perview.pdf\">\u00a0 \u00a0 \u00a0 \u00a0 \u00a0 LINK ZUR BUCH-VORSCHAU &#8211; TEIL 1<\/a><br \/>\n<a href=\"https:\/\/haydensoulwork.com\/wp-content\/uploads\/2026\/03\/HSW-DYFH-Teil-II-Seiten-V1.0-Preview.pdf\">\u00a0 \u00a0 \u00a0 \u00a0 \u00a0 LINK ZUR BUCH-VORSCHAU &#8211; TEIL 2<\/a><\/strong><\/p>\n<p>Nach dem Grundkurs kannst Du Dich <strong>HAYDEN \u2022 SOULWORK Practitioner<\/strong> nennen. Als Practitioner hast Du Zugang zum Aufbaukurs.<\/p>\n<\/div>\n<\/div>\n<\/div>","protected":false},"featured_media":14949,"comment_status":"open","ping_status":"closed","template":"","meta":{"inline_featured_image":false},"product_cat":[90,173],"product_tag":[],"class_list":{"0":"post-14947","1":"product","2":"type-product","3":"status-publish","4":"has-post-thumbnail","6":"product_cat-hayden-soulwork","7":"product_cat-akademie","8":"product_shipping_class-kostenfrei","10":"first","11":"instock","12":"taxable","13":"shipping-taxable","14":"purchasable","15":"product-type-variable"},"yoast_head":"<!-- This site is optimized with the Yoast SEO plugin v27.5 - https:\/\/yoast.com\/product\/yoast-seo-wordpress\/ -->\n<title>GRUNDKURS - Arbeitsb\u00fccher (DYFH - Teil 1 &amp; 2) - ALUMNI - HAYDEN \u2022 SOULWORK<\/title>\n<meta name=\"robots\" content=\"index, follow, max-snippet:-1, max-image-preview:large, max-video-preview:-1\" \/>\n<link rel=\"canonical\" href=\"https:\/\/haydensoulwork.com\/en\/product\/grundkurs-arbeitsbuecher-dyfh-teil-1-2-alumni\/\" \/>\n<meta property=\"og:locale\" content=\"en_US\" \/>\n<meta property=\"og:type\" content=\"article\" \/>\n<meta property=\"og:title\" content=\"GRUNDKURS - Arbeitsb\u00fccher (DYFH - Teil 1 &amp; 2) - ALUMNI - HAYDEN \u2022 SOULWORK\" \/>\n<meta property=\"og:description\" content=\"WERDE EIGENT\u00dcMER DEINES SELBST &amp; VERLIEBE DICH INS LEBEN  Dieser Grundkurs beinhaltet die Teilnahme an der DYFH Challenge - Teil 1 und Teil 2. Du kannst Ihn im freien Lernen \u00fcber zwei gro\u00dfes A4 Arbeits-Ringb\u00fccher durchgef\u00fchrt.  \u00dcber in den Arbeitsb\u00fcchern eingebettete QR-Codes hast du Zugriff auf ein umfangreiches Multimedia-Material mit zahlreichen, eigens f\u00fcr den Kurs produzierten Lernvideos, Audiobeitr\u00e4gen, Meditationen und sonstiges kursbegleitendes Material z.B. in PDF-Format zum direkten Download.   \u00dcber folgenden Link kannst Du dir eine Vorschau zum Arbeitsbuch Teil 1 herunterladen: \u00a0 \u00a0 \u00a0 \u00a0 \u00a0 LINK ZUR BUCH-VORSCHAU - TEIL 1 \u00a0 \u00a0 \u00a0 \u00a0 \u00a0 LINK ZUR BUCH-VORSCHAU - TEIL 2  Nach dem Grundkurs kannst Du Dich HAYDEN \u2022 SOULWORK Practitioner nennen. Als Practitioner hast Du Zugang zum Aufbaukurs.\" \/>\n<meta property=\"og:url\" content=\"https:\/\/haydensoulwork.com\/en\/product\/grundkurs-arbeitsbuecher-dyfh-teil-1-2-alumni\/\" \/>\n<meta property=\"og:site_name\" content=\"HAYDEN \u2022 SOULWORK\" \/>\n<meta property=\"article:modified_time\" content=\"2026-04-02T15:40:35+00:00\" \/>\n<meta property=\"og:image\" content=\"https:\/\/haydensoulwork.com\/wp-content\/uploads\/2026\/04\/Grundkurs-Teil-2und2-ALUMNI-002-scaled.jpg\" \/>\n\t<meta property=\"og:image:width\" content=\"1708\" \/>\n\t<meta property=\"og:image:height\" content=\"2560\" \/>\n\t<meta property=\"og:image:type\" content=\"image\/jpeg\" \/>\n<meta name=\"twitter:card\" content=\"summary_large_image\" \/>\n<meta name=\"twitter:label1\" content=\"Est. reading time\" \/>\n\t<meta name=\"twitter:data1\" content=\"1 minute\" \/>\n<script type=\"application\/ld+json\" class=\"yoast-schema-graph\">{\"@context\":\"https:\\\/\\\/schema.org\",\"@graph\":[{\"@type\":\"WebPage\",\"@id\":\"https:\\\/\\\/haydensoulwork.com\\\/product\\\/grundkurs-arbeitsbuecher-dyfh-teil-1-2-alumni\\\/\",\"url\":\"https:\\\/\\\/haydensoulwork.com\\\/product\\\/grundkurs-arbeitsbuecher-dyfh-teil-1-2-alumni\\\/\",\"name\":\"GRUNDKURS - Arbeitsb\u00fccher (DYFH - Teil 1 & 2) - ALUMNI - HAYDEN \u2022 SOULWORK\",\"isPartOf\":{\"@id\":\"https:\\\/\\\/haydensoulwork.com\\\/#website\"},\"primaryImageOfPage\":{\"@id\":\"https:\\\/\\\/haydensoulwork.com\\\/product\\\/grundkurs-arbeitsbuecher-dyfh-teil-1-2-alumni\\\/#primaryimage\"},\"image\":{\"@id\":\"https:\\\/\\\/haydensoulwork.com\\\/product\\\/grundkurs-arbeitsbuecher-dyfh-teil-1-2-alumni\\\/#primaryimage\"},\"thumbnailUrl\":\"https:\\\/\\\/haydensoulwork.com\\\/wp-content\\\/uploads\\\/2026\\\/04\\\/Grundkurs-Teil-2und2-ALUMNI-002-scaled.jpg\",\"datePublished\":\"2026-04-02T08:59:13+00:00\",\"dateModified\":\"2026-04-02T15:40:35+00:00\",\"breadcrumb\":{\"@id\":\"https:\\\/\\\/haydensoulwork.com\\\/product\\\/grundkurs-arbeitsbuecher-dyfh-teil-1-2-alumni\\\/#breadcrumb\"},\"inLanguage\":\"en-US\",\"potentialAction\":[{\"@type\":\"ReadAction\",\"target\":[\"https:\\\/\\\/haydensoulwork.com\\\/product\\\/grundkurs-arbeitsbuecher-dyfh-teil-1-2-alumni\\\/\"]}]},{\"@type\":\"ImageObject\",\"inLanguage\":\"en-US\",\"@id\":\"https:\\\/\\\/haydensoulwork.com\\\/product\\\/grundkurs-arbeitsbuecher-dyfh-teil-1-2-alumni\\\/#primaryimage\",\"url\":\"https:\\\/\\\/haydensoulwork.com\\\/wp-content\\\/uploads\\\/2026\\\/04\\\/Grundkurs-Teil-2und2-ALUMNI-002-scaled.jpg\",\"contentUrl\":\"https:\\\/\\\/haydensoulwork.com\\\/wp-content\\\/uploads\\\/2026\\\/04\\\/Grundkurs-Teil-2und2-ALUMNI-002-scaled.jpg\",\"width\":1708,\"height\":2560},{\"@type\":\"BreadcrumbList\",\"@id\":\"https:\\\/\\\/haydensoulwork.com\\\/product\\\/grundkurs-arbeitsbuecher-dyfh-teil-1-2-alumni\\\/#breadcrumb\",\"itemListElement\":[{\"@type\":\"ListItem\",\"position\":1,\"name\":\"Home\",\"item\":\"https:\\\/\\\/haydensoulwork.com\\\/\"},{\"@type\":\"ListItem\",\"position\":2,\"name\":\"Shop\",\"item\":\"https:\\\/\\\/haydensoulwork.com\\\/shop\\\/\"},{\"@type\":\"ListItem\",\"position\":3,\"name\":\"GRUNDKURS &#8211; Arbeitsb\u00fccher (DYFH &#8211; Teil 1 &#038; 2) &#8211; ALUMNI\"}]},{\"@type\":\"WebSite\",\"@id\":\"https:\\\/\\\/haydensoulwork.com\\\/#website\",\"url\":\"https:\\\/\\\/haydensoulwork.com\\\/\",\"name\":\"HAYDEN SOULWORK\",\"description\":\"Alles ist Heilig\",\"alternateName\":\"HAYDEN SOULWORK\",\"potentialAction\":[{\"@type\":\"SearchAction\",\"target\":{\"@type\":\"EntryPoint\",\"urlTemplate\":\"https:\\\/\\\/haydensoulwork.com\\\/?s={search_term_string}\"},\"query-input\":{\"@type\":\"PropertyValueSpecification\",\"valueRequired\":true,\"valueName\":\"search_term_string\"}}],\"inLanguage\":\"en-US\"}]}<\/script>\n<!-- \/ Yoast SEO plugin. -->","yoast_head_json":{"title":"GRUNDKURS - Arbeitsb\u00fccher (DYFH - Teil 1 & 2) - ALUMNI - HAYDEN \u2022 SOULWORK","robots":{"index":"index","follow":"follow","max-snippet":"max-snippet:-1","max-image-preview":"max-image-preview:large","max-video-preview":"max-video-preview:-1"},"canonical":"https:\/\/haydensoulwork.com\/en\/product\/grundkurs-arbeitsbuecher-dyfh-teil-1-2-alumni\/","og_locale":"en_US","og_type":"article","og_title":"GRUNDKURS - Arbeitsb\u00fccher (DYFH - Teil 1 & 2) - ALUMNI - HAYDEN \u2022 SOULWORK","og_description":"WERDE EIGENT\u00dcMER DEINES SELBST &amp; VERLIEBE DICH INS LEBEN  Dieser Grundkurs beinhaltet die Teilnahme an der DYFH Challenge - Teil 1 und Teil 2. Du kannst Ihn im freien Lernen \u00fcber zwei gro\u00dfes A4 Arbeits-Ringb\u00fccher durchgef\u00fchrt.  \u00dcber in den Arbeitsb\u00fcchern eingebettete QR-Codes hast du Zugriff auf ein umfangreiches Multimedia-Material mit zahlreichen, eigens f\u00fcr den Kurs produzierten Lernvideos, Audiobeitr\u00e4gen, Meditationen und sonstiges kursbegleitendes Material z.B. in PDF-Format zum direkten Download.   \u00dcber folgenden Link kannst Du dir eine Vorschau zum Arbeitsbuch Teil 1 herunterladen: \u00a0 \u00a0 \u00a0 \u00a0 \u00a0 LINK ZUR BUCH-VORSCHAU - TEIL 1 \u00a0 \u00a0 \u00a0 \u00a0 \u00a0 LINK ZUR BUCH-VORSCHAU - TEIL 2  Nach dem Grundkurs kannst Du Dich HAYDEN \u2022 SOULWORK Practitioner nennen. Als Practitioner hast Du Zugang zum Aufbaukurs.","og_url":"https:\/\/haydensoulwork.com\/en\/product\/grundkurs-arbeitsbuecher-dyfh-teil-1-2-alumni\/","og_site_name":"HAYDEN \u2022 SOULWORK","article_modified_time":"2026-04-02T15:40:35+00:00","og_image":[{"width":1708,"height":2560,"url":"https:\/\/haydensoulwork.com\/wp-content\/uploads\/2026\/04\/Grundkurs-Teil-2und2-ALUMNI-002-scaled.jpg","type":"image\/jpeg"}],"twitter_card":"summary_large_image","twitter_misc":{"Est. reading time":"1 minute"},"schema":{"@context":"https:\/\/schema.org","@graph":[{"@type":"WebPage","@id":"https:\/\/haydensoulwork.com\/product\/grundkurs-arbeitsbuecher-dyfh-teil-1-2-alumni\/","url":"https:\/\/haydensoulwork.com\/product\/grundkurs-arbeitsbuecher-dyfh-teil-1-2-alumni\/","name":"GRUNDKURS - Arbeitsb\u00fccher (DYFH - Teil 1 & 2) - ALUMNI - HAYDEN \u2022 SOULWORK","isPartOf":{"@id":"https:\/\/haydensoulwork.com\/#website"},"primaryImageOfPage":{"@id":"https:\/\/haydensoulwork.com\/product\/grundkurs-arbeitsbuecher-dyfh-teil-1-2-alumni\/#primaryimage"},"image":{"@id":"https:\/\/haydensoulwork.com\/product\/grundkurs-arbeitsbuecher-dyfh-teil-1-2-alumni\/#primaryimage"},"thumbnailUrl":"https:\/\/haydensoulwork.com\/wp-content\/uploads\/2026\/04\/Grundkurs-Teil-2und2-ALUMNI-002-scaled.jpg","datePublished":"2026-04-02T08:59:13+00:00","dateModified":"2026-04-02T15:40:35+00:00","breadcrumb":{"@id":"https:\/\/haydensoulwork.com\/product\/grundkurs-arbeitsbuecher-dyfh-teil-1-2-alumni\/#breadcrumb"},"inLanguage":"en-US","potentialAction":[{"@type":"ReadAction","target":["https:\/\/haydensoulwork.com\/product\/grundkurs-arbeitsbuecher-dyfh-teil-1-2-alumni\/"]}]},{"@type":"ImageObject","inLanguage":"en-US","@id":"https:\/\/haydensoulwork.com\/product\/grundkurs-arbeitsbuecher-dyfh-teil-1-2-alumni\/#primaryimage","url":"https:\/\/haydensoulwork.com\/wp-content\/uploads\/2026\/04\/Grundkurs-Teil-2und2-ALUMNI-002-scaled.jpg","contentUrl":"https:\/\/haydensoulwork.com\/wp-content\/uploads\/2026\/04\/Grundkurs-Teil-2und2-ALUMNI-002-scaled.jpg","width":1708,"height":2560},{"@type":"BreadcrumbList","@id":"https:\/\/haydensoulwork.com\/product\/grundkurs-arbeitsbuecher-dyfh-teil-1-2-alumni\/#breadcrumb","itemListElement":[{"@type":"ListItem","position":1,"name":"Home","item":"https:\/\/haydensoulwork.com\/"},{"@type":"ListItem","position":2,"name":"Shop","item":"https:\/\/haydensoulwork.com\/shop\/"},{"@type":"ListItem","position":3,"name":"GRUNDKURS &#8211; Arbeitsb\u00fccher (DYFH &#8211; Teil 1 &#038; 2) &#8211; ALUMNI"}]},{"@type":"WebSite","@id":"https:\/\/haydensoulwork.com\/#website","url":"https:\/\/haydensoulwork.com\/","name":"HAYDEN SOULWORK","description":"Everything is Divine","alternateName":"HAYDEN SOULWORK","potentialAction":[{"@type":"SearchAction","target":{"@type":"EntryPoint","urlTemplate":"https:\/\/haydensoulwork.com\/?s={search_term_string}"},"query-input":{"@type":"PropertyValueSpecification","valueRequired":true,"valueName":"search_term_string"}}],"inLanguage":"en-US"}]}},"_links":{"self":[{"href":"https:\/\/haydensoulwork.com\/en\/wp-json\/wp\/v2\/product\/14947","targetHints":{"allow":["GET"]}}],"collection":[{"href":"https:\/\/haydensoulwork.com\/en\/wp-json\/wp\/v2\/product"}],"about":[{"href":"https:\/\/haydensoulwork.com\/en\/wp-json\/wp\/v2\/types\/product"}],"replies":[{"embeddable":true,"href":"https:\/\/haydensoulwork.com\/en\/wp-json\/wp\/v2\/comments?post=14947"}],"wp:featuredmedia":[{"embeddable":true,"href":"https:\/\/haydensoulwork.com\/en\/wp-json\/wp\/v2\/media\/14949"}],"wp:attachment":[{"href":"https:\/\/haydensoulwork.com\/en\/wp-json\/wp\/v2\/media?parent=14947"}],"wp:term":[{"taxonomy":"product_cat","embeddable":true,"href":"https:\/\/haydensoulwork.com\/en\/wp-json\/wp\/v2\/product_cat?post=14947"},{"taxonomy":"product_tag","embeddable":true,"href":"https:\/\/haydensoulwork.com\/en\/wp-json\/wp\/v2\/product_tag?post=14947"}],"curies":[{"name":"wp","href":"https:\/\/api.w.org\/{rel}","templated":true}]}}