{"id":14942,"date":"2026-03-28T20:10:06","date_gmt":"2026-03-28T19:10:06","guid":{"rendered":"https:\/\/haydensoulwork.com\/?post_type=product&#038;p=14942"},"modified":"2026-04-02T17:41:46","modified_gmt":"2026-04-02T15:41:46","slug":"grundkurs-arbeitsbuch-dyfh-teil-2-special-fuer-alumni","status":"publish","type":"product","link":"https:\/\/haydensoulwork.com\/en\/product\/grundkurs-arbeitsbuch-dyfh-teil-2-special-fuer-alumni\/","title":{"rendered":"GRUNDKURS &#8211; Arbeitsbuch DYFH Teil 2 &#8211; Special f\u00fcr Alumni"},"content":{"rendered":"<p><strong>Do your f** homework.<\/strong><\/p>\n<p>This is a kind and loving encouragement for you to meet the world with an open mind, to make every moment a learning experience, to release old beliefs and train new patterns of behaviour in order to return to the path back to your home within.<\/p>\n<p><strong>DYFH Challenge Teil 2<\/strong>\u00a0ist der zweite Teil unseres Grundkurses. In ihm findest Du heraus, welche Kraft die Frequenz der Liebe und des inneren Friedens haben, um Dir zu erm\u00f6glichen, Dich und die Welt um Dich in eine neue Art des Seins zu transformieren.<\/p>\n<p><strong>THEME BLOCKS<\/strong><\/p>\n<p style=\"padding-left: 40px;\"><strong>DYFH Challenge Teil 2<\/strong><\/p>\n<div class=\"elementor-element elementor-element-310504c animated-fast elementor-widget elementor-widget-text-editor animated opal-move-up\" data-id=\"310504c\" data-element_type=\"widget\" data-settings=\"{&quot;_animation&quot;:&quot;opal-move-up&quot;}\" data-widget_type=\"text-editor.default\">\n<div class=\"elementor-widget-container\">\n<div class=\"elementor-text-editor elementor-clearfix\">\n<ul>\n<li style=\"list-style-type: none;\">\n<ul>\n<li>Ubuntu und Christentum<\/li>\n<li>Koshas and Butterfly Effect<\/li>\n<li>The Four Elements of True Love (Buddhism)<\/li>\n<li>Metta Deepening Weeks<\/li>\n<li>Shamanism \/ the Art of Inter\u00fceing<\/li>\n<\/ul>\n<\/li>\n<\/ul>\n<ul>\n<li style=\"list-style-type: none;\">\u00dcber folgenden Link kannst Du dir eine <strong>Vorschau zum Arbeitsbuch Teil 2 <\/strong>herunterladen:<\/li>\n<li style=\"list-style-type: none;\"><strong><a href=\"https:\/\/haydensoulwork.com\/wp-content\/uploads\/2026\/03\/HSW-DYFH-Teil-II-Seiten-V1.0-Preview.pdf\">LINK ZUR BUCH-VORSCHAU<\/a><\/strong><\/li>\n<\/ul>\n<\/div>\n<\/div>\n<\/div>","protected":false},"excerpt":{"rendered":"<div class=\"elementor-element elementor-element-06a6917 elementor-widget elementor-widget-text-editor animated opal-move-up\" data-id=\"06a6917\" data-element_type=\"widget\" data-settings=\"{&quot;_animation&quot;:&quot;opal-move-up&quot;}\" data-widget_type=\"text-editor.default\">\n<div class=\"elementor-widget-container\">\n<div class=\"elementor-text-editor elementor-clearfix\">\n<p><strong>FALLING IN LOVE WITH LIFE<\/strong><\/p>\n<p>Dieser Grundkurs beinhaltet die Teilnahme an der <strong>DYFH Challenge &#8211; Teil 2<\/strong>. Du kannst den Kurs im freien Lernen \u00fcber ein gro\u00dfes A4 Arbeits-Ringb\u00fccher durchf\u00fchren. \u00dcber in den Arbeitsb\u00fcchern eingebettete QR-Codes hast du Zugriff auf ein umfangreiches Multimedia-Material mit zahlreichen, eigens f\u00fcr den Kurs produzierten Lernvideos, Audiobeitr\u00e4gen, Meditationen und sonstiges kursbegleitendes Material z.B. in PDF-Format zum direkten Download.<\/p>\n<\/div>\n<\/div>\n<\/div>","protected":false},"featured_media":14945,"comment_status":"open","ping_status":"closed","template":"","meta":{"inline_featured_image":false},"product_cat":[173,90],"product_tag":[],"class_list":{"0":"post-14942","1":"product","2":"type-product","3":"status-publish","4":"has-post-thumbnail","6":"product_cat-akademie","7":"product_cat-hayden-soulwork","8":"product_shipping_class-kostenfrei","10":"first","11":"instock","12":"taxable","13":"shipping-taxable","14":"purchasable","15":"product-type-variable"},"yoast_head":"<!-- This site is optimized with the Yoast SEO plugin v27.5 - https:\/\/yoast.com\/product\/yoast-seo-wordpress\/ -->\n<title>GRUNDKURS - Arbeitsbuch DYFH Teil 2 - Special f\u00fcr Alumni - HAYDEN \u2022 SOULWORK<\/title>\n<meta name=\"robots\" content=\"index, follow, max-snippet:-1, max-image-preview:large, max-video-preview:-1\" \/>\n<link rel=\"canonical\" href=\"https:\/\/haydensoulwork.com\/en\/product\/grundkurs-arbeitsbuch-dyfh-teil-2-special-fuer-alumni\/\" \/>\n<meta property=\"og:locale\" content=\"en_US\" \/>\n<meta property=\"og:type\" content=\"article\" \/>\n<meta property=\"og:title\" content=\"GRUNDKURS - Arbeitsbuch DYFH Teil 2 - Special f\u00fcr Alumni - HAYDEN \u2022 SOULWORK\" \/>\n<meta property=\"og:description\" content=\"VERLIEBE DICH INS LEBEN  Dieser Grundkurs beinhaltet die Teilnahme an der DYFH Challenge - Teil 2. Du kannst den Kurs im freien Lernen \u00fcber ein gro\u00dfes A4 Arbeits-Ringb\u00fccher durchf\u00fchren. \u00dcber in den Arbeitsb\u00fcchern eingebettete QR-Codes hast du Zugriff auf ein umfangreiches Multimedia-Material mit zahlreichen, eigens f\u00fcr den Kurs produzierten Lernvideos, Audiobeitr\u00e4gen, Meditationen und sonstiges kursbegleitendes Material z.B. in PDF-Format zum direkten Download.\" \/>\n<meta property=\"og:url\" content=\"https:\/\/haydensoulwork.com\/en\/product\/grundkurs-arbeitsbuch-dyfh-teil-2-special-fuer-alumni\/\" \/>\n<meta property=\"og:site_name\" content=\"HAYDEN \u2022 SOULWORK\" \/>\n<meta property=\"article:modified_time\" content=\"2026-04-02T15:41:46+00:00\" \/>\n<meta property=\"og:image\" content=\"https:\/\/haydensoulwork.com\/wp-content\/uploads\/2025\/11\/Grundkurs-Teil-2-ALUMNI-scaled-scaled-scaled.jpg\" \/>\n\t<meta property=\"og:image:width\" content=\"1709\" \/>\n\t<meta property=\"og:image:height\" content=\"2560\" \/>\n\t<meta property=\"og:image:type\" content=\"image\/jpeg\" \/>\n<meta name=\"twitter:card\" content=\"summary_large_image\" \/>\n<meta name=\"twitter:label1\" content=\"Est. reading time\" \/>\n\t<meta name=\"twitter:data1\" content=\"1 minute\" \/>\n<script type=\"application\/ld+json\" class=\"yoast-schema-graph\">{\"@context\":\"https:\\\/\\\/schema.org\",\"@graph\":[{\"@type\":\"WebPage\",\"@id\":\"https:\\\/\\\/haydensoulwork.com\\\/product\\\/grundkurs-arbeitsbuch-dyfh-teil-2-special-fuer-alumni\\\/\",\"url\":\"https:\\\/\\\/haydensoulwork.com\\\/product\\\/grundkurs-arbeitsbuch-dyfh-teil-2-special-fuer-alumni\\\/\",\"name\":\"GRUNDKURS - Arbeitsbuch DYFH Teil 2 - Special f\u00fcr Alumni - HAYDEN \u2022 SOULWORK\",\"isPartOf\":{\"@id\":\"https:\\\/\\\/haydensoulwork.com\\\/#website\"},\"primaryImageOfPage\":{\"@id\":\"https:\\\/\\\/haydensoulwork.com\\\/product\\\/grundkurs-arbeitsbuch-dyfh-teil-2-special-fuer-alumni\\\/#primaryimage\"},\"image\":{\"@id\":\"https:\\\/\\\/haydensoulwork.com\\\/product\\\/grundkurs-arbeitsbuch-dyfh-teil-2-special-fuer-alumni\\\/#primaryimage\"},\"thumbnailUrl\":\"https:\\\/\\\/haydensoulwork.com\\\/wp-content\\\/uploads\\\/2025\\\/11\\\/Grundkurs-Teil-2-ALUMNI-scaled-scaled-scaled.jpg\",\"datePublished\":\"2026-03-28T19:10:06+00:00\",\"dateModified\":\"2026-04-02T15:41:46+00:00\",\"breadcrumb\":{\"@id\":\"https:\\\/\\\/haydensoulwork.com\\\/product\\\/grundkurs-arbeitsbuch-dyfh-teil-2-special-fuer-alumni\\\/#breadcrumb\"},\"inLanguage\":\"en-US\",\"potentialAction\":[{\"@type\":\"ReadAction\",\"target\":[\"https:\\\/\\\/haydensoulwork.com\\\/product\\\/grundkurs-arbeitsbuch-dyfh-teil-2-special-fuer-alumni\\\/\"]}]},{\"@type\":\"ImageObject\",\"inLanguage\":\"en-US\",\"@id\":\"https:\\\/\\\/haydensoulwork.com\\\/product\\\/grundkurs-arbeitsbuch-dyfh-teil-2-special-fuer-alumni\\\/#primaryimage\",\"url\":\"https:\\\/\\\/haydensoulwork.com\\\/wp-content\\\/uploads\\\/2025\\\/11\\\/Grundkurs-Teil-2-ALUMNI-scaled-scaled-scaled.jpg\",\"contentUrl\":\"https:\\\/\\\/haydensoulwork.com\\\/wp-content\\\/uploads\\\/2025\\\/11\\\/Grundkurs-Teil-2-ALUMNI-scaled-scaled-scaled.jpg\",\"width\":1709,\"height\":2560},{\"@type\":\"BreadcrumbList\",\"@id\":\"https:\\\/\\\/haydensoulwork.com\\\/product\\\/grundkurs-arbeitsbuch-dyfh-teil-2-special-fuer-alumni\\\/#breadcrumb\",\"itemListElement\":[{\"@type\":\"ListItem\",\"position\":1,\"name\":\"Home\",\"item\":\"https:\\\/\\\/haydensoulwork.com\\\/\"},{\"@type\":\"ListItem\",\"position\":2,\"name\":\"Shop\",\"item\":\"https:\\\/\\\/haydensoulwork.com\\\/shop\\\/\"},{\"@type\":\"ListItem\",\"position\":3,\"name\":\"GRUNDKURS &#8211; Arbeitsbuch DYFH Teil 2 &#8211; Special f\u00fcr Alumni\"}]},{\"@type\":\"WebSite\",\"@id\":\"https:\\\/\\\/haydensoulwork.com\\\/#website\",\"url\":\"https:\\\/\\\/haydensoulwork.com\\\/\",\"name\":\"HAYDEN SOULWORK\",\"description\":\"Alles ist Heilig\",\"alternateName\":\"HAYDEN SOULWORK\",\"potentialAction\":[{\"@type\":\"SearchAction\",\"target\":{\"@type\":\"EntryPoint\",\"urlTemplate\":\"https:\\\/\\\/haydensoulwork.com\\\/?s={search_term_string}\"},\"query-input\":{\"@type\":\"PropertyValueSpecification\",\"valueRequired\":true,\"valueName\":\"search_term_string\"}}],\"inLanguage\":\"en-US\"}]}<\/script>\n<!-- \/ Yoast SEO plugin. -->","yoast_head_json":{"title":"GRUNDKURS - Arbeitsbuch DYFH Teil 2 - Special f\u00fcr Alumni - HAYDEN \u2022 SOULWORK","robots":{"index":"index","follow":"follow","max-snippet":"max-snippet:-1","max-image-preview":"max-image-preview:large","max-video-preview":"max-video-preview:-1"},"canonical":"https:\/\/haydensoulwork.com\/en\/product\/grundkurs-arbeitsbuch-dyfh-teil-2-special-fuer-alumni\/","og_locale":"en_US","og_type":"article","og_title":"GRUNDKURS - Arbeitsbuch DYFH Teil 2 - Special f\u00fcr Alumni - HAYDEN \u2022 SOULWORK","og_description":"VERLIEBE DICH INS LEBEN  Dieser Grundkurs beinhaltet die Teilnahme an der DYFH Challenge - Teil 2. Du kannst den Kurs im freien Lernen \u00fcber ein gro\u00dfes A4 Arbeits-Ringb\u00fccher durchf\u00fchren. \u00dcber in den Arbeitsb\u00fcchern eingebettete QR-Codes hast du Zugriff auf ein umfangreiches Multimedia-Material mit zahlreichen, eigens f\u00fcr den Kurs produzierten Lernvideos, Audiobeitr\u00e4gen, Meditationen und sonstiges kursbegleitendes Material z.B. in PDF-Format zum direkten Download.","og_url":"https:\/\/haydensoulwork.com\/en\/product\/grundkurs-arbeitsbuch-dyfh-teil-2-special-fuer-alumni\/","og_site_name":"HAYDEN \u2022 SOULWORK","article_modified_time":"2026-04-02T15:41:46+00:00","og_image":[{"width":1709,"height":2560,"url":"https:\/\/haydensoulwork.com\/wp-content\/uploads\/2025\/11\/Grundkurs-Teil-2-ALUMNI-scaled-scaled-scaled.jpg","type":"image\/jpeg"}],"twitter_card":"summary_large_image","twitter_misc":{"Est. reading time":"1 minute"},"schema":{"@context":"https:\/\/schema.org","@graph":[{"@type":"WebPage","@id":"https:\/\/haydensoulwork.com\/product\/grundkurs-arbeitsbuch-dyfh-teil-2-special-fuer-alumni\/","url":"https:\/\/haydensoulwork.com\/product\/grundkurs-arbeitsbuch-dyfh-teil-2-special-fuer-alumni\/","name":"GRUNDKURS - Arbeitsbuch DYFH Teil 2 - Special f\u00fcr Alumni - HAYDEN \u2022 SOULWORK","isPartOf":{"@id":"https:\/\/haydensoulwork.com\/#website"},"primaryImageOfPage":{"@id":"https:\/\/haydensoulwork.com\/product\/grundkurs-arbeitsbuch-dyfh-teil-2-special-fuer-alumni\/#primaryimage"},"image":{"@id":"https:\/\/haydensoulwork.com\/product\/grundkurs-arbeitsbuch-dyfh-teil-2-special-fuer-alumni\/#primaryimage"},"thumbnailUrl":"https:\/\/haydensoulwork.com\/wp-content\/uploads\/2025\/11\/Grundkurs-Teil-2-ALUMNI-scaled-scaled-scaled.jpg","datePublished":"2026-03-28T19:10:06+00:00","dateModified":"2026-04-02T15:41:46+00:00","breadcrumb":{"@id":"https:\/\/haydensoulwork.com\/product\/grundkurs-arbeitsbuch-dyfh-teil-2-special-fuer-alumni\/#breadcrumb"},"inLanguage":"en-US","potentialAction":[{"@type":"ReadAction","target":["https:\/\/haydensoulwork.com\/product\/grundkurs-arbeitsbuch-dyfh-teil-2-special-fuer-alumni\/"]}]},{"@type":"ImageObject","inLanguage":"en-US","@id":"https:\/\/haydensoulwork.com\/product\/grundkurs-arbeitsbuch-dyfh-teil-2-special-fuer-alumni\/#primaryimage","url":"https:\/\/haydensoulwork.com\/wp-content\/uploads\/2025\/11\/Grundkurs-Teil-2-ALUMNI-scaled-scaled-scaled.jpg","contentUrl":"https:\/\/haydensoulwork.com\/wp-content\/uploads\/2025\/11\/Grundkurs-Teil-2-ALUMNI-scaled-scaled-scaled.jpg","width":1709,"height":2560},{"@type":"BreadcrumbList","@id":"https:\/\/haydensoulwork.com\/product\/grundkurs-arbeitsbuch-dyfh-teil-2-special-fuer-alumni\/#breadcrumb","itemListElement":[{"@type":"ListItem","position":1,"name":"Home","item":"https:\/\/haydensoulwork.com\/"},{"@type":"ListItem","position":2,"name":"Shop","item":"https:\/\/haydensoulwork.com\/shop\/"},{"@type":"ListItem","position":3,"name":"GRUNDKURS &#8211; Arbeitsbuch DYFH Teil 2 &#8211; Special f\u00fcr Alumni"}]},{"@type":"WebSite","@id":"https:\/\/haydensoulwork.com\/#website","url":"https:\/\/haydensoulwork.com\/","name":"HAYDEN SOULWORK","description":"Everything is Divine","alternateName":"HAYDEN SOULWORK","potentialAction":[{"@type":"SearchAction","target":{"@type":"EntryPoint","urlTemplate":"https:\/\/haydensoulwork.com\/?s={search_term_string}"},"query-input":{"@type":"PropertyValueSpecification","valueRequired":true,"valueName":"search_term_string"}}],"inLanguage":"en-US"}]}},"_links":{"self":[{"href":"https:\/\/haydensoulwork.com\/en\/wp-json\/wp\/v2\/product\/14942","targetHints":{"allow":["GET"]}}],"collection":[{"href":"https:\/\/haydensoulwork.com\/en\/wp-json\/wp\/v2\/product"}],"about":[{"href":"https:\/\/haydensoulwork.com\/en\/wp-json\/wp\/v2\/types\/product"}],"replies":[{"embeddable":true,"href":"https:\/\/haydensoulwork.com\/en\/wp-json\/wp\/v2\/comments?post=14942"}],"wp:featuredmedia":[{"embeddable":true,"href":"https:\/\/haydensoulwork.com\/en\/wp-json\/wp\/v2\/media\/14945"}],"wp:attachment":[{"href":"https:\/\/haydensoulwork.com\/en\/wp-json\/wp\/v2\/media?parent=14942"}],"wp:term":[{"taxonomy":"product_cat","embeddable":true,"href":"https:\/\/haydensoulwork.com\/en\/wp-json\/wp\/v2\/product_cat?post=14942"},{"taxonomy":"product_tag","embeddable":true,"href":"https:\/\/haydensoulwork.com\/en\/wp-json\/wp\/v2\/product_tag?post=14942"}],"curies":[{"name":"wp","href":"https:\/\/api.w.org\/{rel}","templated":true}]}}